{"id":12245,"date":"2016-08-24T14:49:51","date_gmt":"2016-08-24T14:49:51","guid":{"rendered":"http:\/\/www.olivofood.com\/fr\/nuestra-historia\/"},"modified":"2019-05-09T11:06:03","modified_gmt":"2019-05-09T11:06:03","slug":"notre-histoire","status":"publish","type":"page","link":"https:\/\/www.olivofood.com\/fr\/notre-histoire\/","title":{"rendered":"Notre histoire"},"content":{"rendered":"<p><div class=\"fusion-fullwidth fullwidth-box fusion-builder-row-1 hundred-percent-fullwidth non-hundred-percent-height-scrolling\" style=\"background-color: rgba(255,255,255,0);background-position: center center;background-repeat: no-repeat;padding-top:0px;padding-right:30px;padding-bottom:0px;padding-left:30px;margin-bottom: 0px;margin-top: -60px;border-width: 0px 0px 0px 0px;border-color:#eae9e9;border-style:solid;\" ><div class=\"fusion-builder-row fusion-row\"><div class=\"fusion-layout-column fusion_builder_column fusion-builder-column-0 fusion_builder_column_1_1 1_1 fusion-one-full fusion-column-first fusion-column-last fusion-column-no-min-height\" style=\"margin-top:0px;margin-bottom:0px;\"><div class=\"fusion-column-wrapper fusion-flex-column-wrapper-legacy\" style=\"background-position:left top;background-repeat:no-repeat;-webkit-background-size:cover;-moz-background-size:cover;-o-background-size:cover;background-size:cover;padding: 0px 0px 0px 0px;\"><div class=\"fusion-sep-clear\"><\/div><div class=\"fusion-separator fusion-full-width-sep\" style=\"margin-left: auto;margin-right: auto;width:100%;\"><\/div><div class=\"fusion-sep-clear\"><\/div><div class=\"fusion-clearfix\"><\/div><\/div><\/div><\/div><style type=\"text\/css\">.fusion-fullwidth.fusion-builder-row-1 { overflow:visible; }<\/style><\/div><div class=\"fusion-fullwidth fullwidth-box fusion-builder-row-2 video-background hundred-percent-fullwidth non-hundred-percent-height-scrolling\" style=\"background-color: rgba(209,180,106,0.5);background-position: center center;background-repeat: no-repeat;padding-top:0px;padding-right:30px;padding-bottom:0px;padding-left:30px;margin-bottom: 0px;margin-top: 0px;border-width: 0px 0px 0px 0px;border-color:#eae9e9;border-style:solid;\" ><div class=\"fullwidth-video-image\" style=\"background-image:url(http:\/\/www.olivofood.com\/wp-content\/uploads\/2016\/08\/fotograma-video.jpg);\"><\/div><div class=\"fullwidth-video\"><video preload=\"auto\" autoplay playsinline loop muted><source src=\"http:\/\/www.olivofood.com\/wp-content\/uploads\/2016\/09\/olive-olivofood-2.mp4\" type=\"video\/webm\"><source src=\"http:\/\/www.olivofood.com\/wp-content\/uploads\/2016\/09\/olive-olivofood-2.mp4\" type=\"video\/mp4\"><\/video><\/div><div class=\"fullwidth-overlay\" style=\"background-color:rgba(209,180,106,0.5);\"><\/div><div class=\"fusion-builder-row fusion-row\"><div class=\"fusion-layout-column fusion_builder_column fusion-builder-column-1 fusion_builder_column_1_1 1_1 fusion-one-full fusion-column-first fusion-column-last fusion-column-no-min-height\" style=\"margin-top:0px;margin-bottom:0px;\"><div class=\"fusion-column-wrapper fusion-flex-column-wrapper-legacy\" style=\"background-position:left top;background-repeat:no-repeat;-webkit-background-size:cover;-moz-background-size:cover;-o-background-size:cover;background-size:cover;padding: 0px 0px 0px 0px;\"><div class=\"fusion-sep-clear\"><\/div><div class=\"fusion-separator fusion-full-width-sep\" style=\"margin-left: auto;margin-right: auto;margin-top:120px;width:100%;\"><\/div><div class=\"fusion-sep-clear\"><\/div><div class=\"fusion-clearfix\"><\/div><\/div><\/div><div class=\"fusion-layout-column fusion_builder_column fusion-builder-column-2 fusion_builder_column_1_2 1_2 fusion-one-half fusion-column-first\" style=\"width:48%; margin-right: 4%;margin-top:0px;margin-bottom:20px;\"><div class=\"fusion-column-wrapper fusion-flex-column-wrapper-legacy\" style=\"background-position:center center;background-repeat:no-repeat;-webkit-background-size:cover;-moz-background-size:cover;-o-background-size:cover;background-size:cover;padding: 0px 0px 0px 0px;\"><div class=\"imageframe-align-center\"><span class=\" fusion-imageframe imageframe-none imageframe-1 hover-type-none\"><img src=\"http:\/\/www.olivofood.com\/wp-content\/uploads\/2016\/08\/notre-hostoire-01-01-01-01.png\" class=\"img-responsive\"\/><\/span><\/div><div class=\"fusion-clearfix\"><\/div><\/div><\/div><div class=\"fusion-layout-column fusion_builder_column fusion-builder-column-3 fusion_builder_column_1_2 1_2 fusion-one-half fusion-column-last\" style=\"width:48%;margin-top:20px;margin-bottom:20px;\"><div class=\"fusion-column-wrapper fusion-flex-column-wrapper-legacy\" style=\"background-position:center center;background-repeat:no-repeat;-webkit-background-size:cover;-moz-background-size:cover;-o-background-size:cover;background-size:cover;background-color:#ffffff;padding: 30px 30px 30px 30px;\"><style type=\"text\/css\"><\/style><div class=\"fusion-title title fusion-title-1 fusion-sep-none fusion-title-center fusion-title-text fusion-title-size-two\" style=\"margin-top:0px;margin-right:0px;margin-bottom:31px;margin-left:0px;\"><h2 class=\"title-heading-center\" style=\"margin:0;\">NOUS SOMMES PIONNIERS DANS L&rsquo;EXPORTATION<br \/>\nD&rsquo;OLIVES EN ESPAGNE<\/p><\/h2><\/div><div class=\"fusion-text fusion-text-1\"><p>Les origines de notre histoire de passion et soins pour l&rsquo;olivier et son monde remontent <strong>aux commencements du XXe si\u00e8cle<\/strong>. Nous sommes h\u00e9ritiers d&rsquo;une connaissance et d&rsquo;un savoir faire amass\u00e9 <strong>au long de plusieurs g\u00e9n\u00e9rations.<\/strong><\/p>\n<p>Nous avons \u00e9t\u00e9 des t\u00e9moins et actifs collaborateurs de <strong>l&rsquo;\u00e9volution dans la pr\u00e9paration et la commercialisation industrielle de l&rsquo;olive de table depuis des principes du si\u00e8cle pass\u00e9 jusqu&rsquo;\u00e0 nos jours<\/strong>, en nous situant fr\u00e9quemment \u00e0 l&rsquo;avant-garde en ce qui concerne un d\u00e9veloppement de processus et de types d&#8217;emballages.<\/p>\n<p><strong>Nous avons \u00e9t\u00e9 pionniers dans l&rsquo;exportation d&rsquo;olives de zones distinctes de l&rsquo;Espagne au march\u00e9 Europ\u00e9en<\/strong>, et cette inqui\u00e9tude exportatrice continue de marquer l&rsquo;objectif de notre travail.<\/p>\n<\/div><div class=\"fusion-sep-clear\"><\/div><div class=\"fusion-separator fusion-has-icon fusion-full-width-sep\" style=\"margin-left: auto;margin-right: auto;margin-top:20px;margin-bottom:50px;width:100%;\"><div class=\"fusion-separator-border sep-single sep-solid\" style=\"border-color:#e0dede;border-top-width:1px;\"><\/div><span class=\"icon-wrapper\" style=\"border-color:#e0dede;background-color:rgba(255,255,255,0);font-size:13px;width: 1.75em; height: 1.75em;border-width:1px;padding:1px;margin-top:-0.5px\"><i class=\" fa fa-circle\" style=\"font-size: inherit;color:#e0dede;\" aria-hidden=\"true\"><\/i><\/span><div class=\"fusion-separator-border sep-single sep-solid\" style=\"border-color:#e0dede;border-top-width:1px;\"><\/div><\/div><div class=\"fusion-sep-clear\"><\/div><style type=\"text\/css\"><\/style><div class=\"fusion-title title fusion-title-2 fusion-sep-none fusion-title-center fusion-title-text fusion-title-size-two\" style=\"margin-top:0px;margin-right:0px;margin-bottom:31px;margin-left:0px;\"><h2 class=\"title-heading-center\" style=\"margin:0;\">PLUS D&rsquo;UN SIECLE D&rsquo;EXP\u00c9RIENCE<\/h2><\/div><div class=\"fusion-text fusion-text-2\"><p>L&rsquo;exp\u00e9rience accumul\u00e9e un an apr\u00e8s l&rsquo;autre nous a permis de conna\u00eetre et s\u00e9lectionner\u00a0 <strong>les zones de r\u00e9colte les plus indiqu\u00e9es pour chaque vari\u00e9t\u00e9e.<\/strong><\/p>\n<p><strong>Nous avons cr\u00e9es des liens durables avec les agriculteurs de notre confiance<\/strong> pour assurer\u00a0 introduire dans le processus uniquement des mati\u00e8res premi\u00e8res de qualit\u00e9 parfaite.<\/p>\n<\/div><div class=\"fusion-clearfix\"><\/div><\/div><\/div><div class=\"fusion-layout-column fusion_builder_column fusion-builder-column-4 fusion_builder_column_1_1 1_1 fusion-one-full fusion-column-first fusion-column-last fusion-column-no-min-height\" style=\"margin-top:0px;margin-bottom:0px;\"><div class=\"fusion-column-wrapper fusion-flex-column-wrapper-legacy\" style=\"background-position:left top;background-repeat:no-repeat;-webkit-background-size:cover;-moz-background-size:cover;-o-background-size:cover;background-size:cover;padding: 0px 0px 0px 0px;\"><div class=\"fusion-sep-clear\"><\/div><div class=\"fusion-separator fusion-full-width-sep\" style=\"margin-left: auto;margin-right: auto;margin-bottom:50px;width:100%;\"><\/div><div class=\"fusion-sep-clear\"><\/div><div class=\"fusion-clearfix\"><\/div><\/div><\/div><\/div><\/div><div class=\"fusion-fullwidth fullwidth-box fusion-builder-row-3 hundred-percent-fullwidth non-hundred-percent-height-scrolling\" style=\"background-color: rgba(255,255,255,0);background-position: center center;background-repeat: no-repeat;padding-top:0px;padding-right:30px;padding-bottom:0px;padding-left:30px;margin-bottom: -40px;margin-top: 0px;border-width: 0px 0px 0px 0px;border-color:#eae9e9;border-style:solid;\" ><div class=\"fusion-builder-row fusion-row\"><div class=\"fusion-layout-column fusion_builder_column fusion-builder-column-5 fusion_builder_column_1_1 1_1 fusion-one-full fusion-column-first fusion-column-last fusion-column-no-min-height\" style=\"margin-top:0px;margin-bottom:0px;\"><div class=\"fusion-column-wrapper fusion-flex-column-wrapper-legacy\" style=\"background-position:left top;background-repeat:no-repeat;-webkit-background-size:cover;-moz-background-size:cover;-o-background-size:cover;background-size:cover;padding: 0px 0px 0px 0px;\"><div class=\"fusion-sep-clear\"><\/div><div class=\"fusion-separator fusion-full-width-sep\" style=\"margin-left: auto;margin-right: auto;width:100%;\"><\/div><div class=\"fusion-sep-clear\"><\/div><div class=\"fusion-clearfix\"><\/div><\/div><\/div><\/div><style type=\"text\/css\">.fusion-fullwidth.fusion-builder-row-3 { overflow:visible; }<\/style><\/div><\/p>\n","protected":false},"excerpt":{"rendered":"","protected":false},"author":2,"featured_media":0,"parent":0,"menu_order":0,"comment_status":"closed","ping_status":"closed","template":"100-width.php","meta":[],"_links":{"self":[{"href":"https:\/\/www.olivofood.com\/fr\/wp-json\/wp\/v2\/pages\/12245"}],"collection":[{"href":"https:\/\/www.olivofood.com\/fr\/wp-json\/wp\/v2\/pages"}],"about":[{"href":"https:\/\/www.olivofood.com\/fr\/wp-json\/wp\/v2\/types\/page"}],"author":[{"embeddable":true,"href":"https:\/\/www.olivofood.com\/fr\/wp-json\/wp\/v2\/users\/2"}],"replies":[{"embeddable":true,"href":"https:\/\/www.olivofood.com\/fr\/wp-json\/wp\/v2\/comments?post=12245"}],"version-history":[{"count":13,"href":"https:\/\/www.olivofood.com\/fr\/wp-json\/wp\/v2\/pages\/12245\/revisions"}],"predecessor-version":[{"id":12330,"href":"https:\/\/www.olivofood.com\/fr\/wp-json\/wp\/v2\/pages\/12245\/revisions\/12330"}],"wp:attachment":[{"href":"https:\/\/www.olivofood.com\/fr\/wp-json\/wp\/v2\/media?parent=12245"}],"curies":[{"name":"wp","href":"https:\/\/api.w.org\/{rel}","templated":true}]}}