{"id":12248,"date":"2016-09-06T15:22:47","date_gmt":"2016-09-06T15:22:47","guid":{"rendered":"http:\/\/www.olivofood.com\/fr\/formatos\/"},"modified":"2019-05-10T08:33:01","modified_gmt":"2019-05-10T08:33:01","slug":"formats","status":"publish","type":"page","link":"https:\/\/www.olivofood.com\/fr\/formats\/","title":{"rendered":"Formats"},"content":{"rendered":"<p><div class=\"fusion-fullwidth fullwidth-box fusion-builder-row-1 hundred-percent-fullwidth non-hundred-percent-height-scrolling\" style=\"background-color: rgba(255,255,255,0);background-position: center center;background-repeat: no-repeat;padding-top:0px;padding-right:30px;padding-bottom:0px;padding-left:30px;margin-bottom: 0px;margin-top: 50px;border-width: 0px 0px 0px 0px;border-color:#eae9e9;border-style:solid;\" ><div class=\"fusion-builder-row fusion-row\"><div class=\"fusion-layout-column fusion_builder_column fusion-builder-column-0 fusion_builder_column_1_1 1_1 fusion-one-full fusion-column-first fusion-column-last fusion-column-no-min-height\" style=\"margin-top:0px;margin-bottom:0px;\"><div class=\"fusion-column-wrapper fusion-flex-column-wrapper-legacy\" style=\"background-position:left top;background-repeat:no-repeat;-webkit-background-size:cover;-moz-background-size:cover;-o-background-size:cover;background-size:cover;padding: 0px 0px 0px 0px;\"><div class=\"fusion-sep-clear\"><\/div><div class=\"fusion-separator fusion-full-width-sep\" style=\"margin-left: auto;margin-right: auto;width:100%;\"><\/div><div class=\"fusion-sep-clear\"><\/div><div class=\"fusion-clearfix\"><\/div><\/div><\/div><\/div><style type=\"text\/css\">.fusion-fullwidth.fusion-builder-row-1 { overflow:visible; }<\/style><\/div><div class=\"fusion-fullwidth fullwidth-box fusion-builder-row-2 hundred-percent-fullwidth non-hundred-percent-height-scrolling fusion-equal-height-columns\" style=\"background-color: rgba(255,255,255,0);background-position: left top;background-repeat: no-repeat;padding-top:20px;padding-right:30px;padding-bottom:20px;padding-left:30px;margin-bottom: 0px;margin-top: 0px;border-width: 0px 0px 0px 0px;border-color:#eae9e9;border-style:solid;\" ><div class=\"fusion-builder-row fusion-row\"><div class=\"fusion-layout-column fusion_builder_column fusion-builder-column-1 fusion_builder_column_1_1 1_1 fusion-one-full fusion-column-first fusion-column-last fusion-column-no-min-height\" style=\"margin-top:0px;margin-bottom:0px;\"><div class=\"fusion-column-wrapper fusion-flex-column-wrapper-legacy\" style=\"background-position:left top;background-repeat:no-repeat;-webkit-background-size:cover;-moz-background-size:cover;-o-background-size:cover;background-size:cover;padding: 0px 0px 0px 0px;\"><style type=\"text\/css\">.fusion-portfolio-wrapper#fusion-portfolio-1 .fusion-portfolio-content{ padding: 25px 25px 25px 25px; text-align: left; }<\/style><div class=\"fusion-recent-works fusion-portfolio-element fusion-portfolio fusion-portfolio-1 fusion-portfolio-grid fusion-portfolio-paging-pagination fusion-portfolio-three fusion-portfolio-boxed fusion-portfolio-text fusion-portfolio-rollover fusion-animated\" data-id=\"-rw-1\" data-columns=\"three\" data-animationType=\"fadeInDown\" data-animationDuration=\"0.3\" data-animationOffset=\"top-into-view\"><style type=\"text\/css\">.fusion-portfolio-1 .fusion-portfolio-wrapper .fusion-col-spacing{padding:6px;}<\/style><div class=\"fusion-portfolio-wrapper\" id=\"fusion-portfolio-1\" data-picturesize=\"auto\" data-pages=\"1\" style=\"margin:-6px;\"><article id=\"portfolio-1-post-12318\" class=\"fusion-portfolio-post formats-fr fusion-col-spacing post-12318\"><div class=\"fusion-portfolio-content-wrapper\" style=\"border:1px solid #ebeaea;border-bottom-width:3px;background-color:rgba(255,255,255,0);\"><span class=\"vcard rich-snippet-hidden\"><span class=\"fn\"><a href=\"https:\/\/www.olivofood.com\/fr\/author\/somosotroconcepto\/\" title=\"Articles par SomosOtroConcepto\" rel=\"author\">SomosOtroConcepto<\/a><\/span><\/span><span class=\"updated rich-snippet-hidden\">2019-05-10T10:10:30+00:00<\/span><div  class=\"fusion-image-wrapper\" aria-haspopup=\"true\">\n\t\t\t\t  <img width=\"600\" height=\"600\" src=\"https:\/\/www.olivofood.com\/wp-content\/uploads\/2016\/09\/icon-industrial.jpg\" class=\"attachment-full size-full wp-post-image\" alt=\"\" srcset=\"https:\/\/www.olivofood.com\/wp-content\/uploads\/2016\/09\/icon-industrial-200x200.jpg 200w, https:\/\/www.olivofood.com\/wp-content\/uploads\/2016\/09\/icon-industrial-400x400.jpg 400w, https:\/\/www.olivofood.com\/wp-content\/uploads\/2016\/09\/icon-industrial.jpg 600w\" sizes=\"(min-width: 2200px) 100vw, (min-width: 784px) 359px, (min-width: 712px) 538px, (min-width: 640px) 712px, \" \/><div class=\"fusion-rollover\">\n\t<div class=\"fusion-rollover-content\">\n\n\t\t\t\t\t\t\t\t\t\t\t\t\t\t<a class=\"fusion-rollover-link\" href=\"https:\/\/www.olivofood.com\/fr\/portfolio-items\/industria\/?portfolioCats=98\">Format industriel<\/a>\n\t\t\t\n\t\t\t\t\t\t\t\t\t\t\t\t\t\t\n\t\t\t\t\t\t\t\t\n\t\t\t\t\t\t\t\t\t\t\t\t\t<div class=\"fusion-rollover-sep\"><\/div>\n\t\t\t\t\n\t\t\t\t\t\t\t\t\t\t\t\t\t\t\t\t\t\t<a class=\"fusion-rollover-gallery\" href=\"https:\/\/www.olivofood.com\/wp-content\/uploads\/2016\/09\/icon-industrial.jpg\" data-id=\"12318\" data-rel=\"iLightbox[gallery-rw-1]\" data-title=\"icon-industrial\" data-caption=\"\">\n\t\t\t\t\t\tGallery\t\t\t\t\t<\/a>\n\t\t\t\t\t\t\t\t\t\t\t\t\t\t\n\t\t\n\t\t\t\t\t\t\t\t\t\t\t\t<h4 class=\"fusion-rollover-title\">\n\t\t\t\t\t<a class=\"fusion-rollover-title-link\" href=\"https:\/\/www.olivofood.com\/fr\/portfolio-items\/industria\/?portfolioCats=98\">\n\t\t\t\t\t\tFormat industriel\t\t\t\t\t<\/a>\n\t\t\t\t<\/h4>\n\t\t\t\n\t\t\t\t\t\t\t\t\t\t<div class=\"fusion-rollover-categories\"><a href=\"https:\/\/www.olivofood.com\/fr\/portfolio_categorie\/formats-fr\/\" rel=\"tag\">Formats<\/a><\/div>\t\t\t\t\t\n\t\t\n\t\t\t\t\t\t<a class=\"fusion-link-wrapper\" href=\"https:\/\/www.olivofood.com\/fr\/portfolio-items\/industria\/?portfolioCats=98\" aria-label=\"Format industriel\"><\/a>\n\t<\/div>\n<\/div>\n<\/div>\n<div class=\"fusion-portfolio-content\" style=\"background-color:rgba(255,255,255,0);\"><h2 class=\"entry-title fusion-post-title\"><a href=\"https:\/\/www.olivofood.com\/fr\/portfolio-items\/industria\/?portfolioCats=98\">Format industriel<\/a><\/h2><div class=\"fusion-post-content\"><\/div><\/div><\/div><\/article><article id=\"portfolio-1-post-12486\" class=\"fusion-portfolio-post formats-fr fusion-col-spacing post-12486\"><div class=\"fusion-portfolio-content-wrapper\" style=\"border:1px solid #ebeaea;border-bottom-width:3px;background-color:rgba(255,255,255,0);\"><span class=\"vcard rich-snippet-hidden\"><span class=\"fn\"><a href=\"https:\/\/www.olivofood.com\/fr\/author\/somosotroconcepto\/\" title=\"Articles par SomosOtroConcepto\" rel=\"author\">SomosOtroConcepto<\/a><\/span><\/span><span class=\"updated rich-snippet-hidden\">2019-05-10T10:12:44+00:00<\/span><div  class=\"fusion-image-wrapper\" aria-haspopup=\"true\">\n\t\t\t\t  <img width=\"600\" height=\"600\" src=\"https:\/\/www.olivofood.com\/wp-content\/uploads\/2016\/09\/icon-horeca.jpg\" class=\"attachment-full size-full wp-post-image\" alt=\"\" srcset=\"https:\/\/www.olivofood.com\/wp-content\/uploads\/2016\/09\/icon-horeca-200x200.jpg 200w, https:\/\/www.olivofood.com\/wp-content\/uploads\/2016\/09\/icon-horeca-400x400.jpg 400w, https:\/\/www.olivofood.com\/wp-content\/uploads\/2016\/09\/icon-horeca.jpg 600w\" sizes=\"(min-width: 2200px) 100vw, (min-width: 784px) 359px, (min-width: 712px) 538px, (min-width: 640px) 712px, \" \/><div class=\"fusion-rollover\">\n\t<div class=\"fusion-rollover-content\">\n\n\t\t\t\t\t\t\t\t\t\t\t\t\t\t<a class=\"fusion-rollover-link\" href=\"https:\/\/www.olivofood.com\/fr\/portfolio-items\/horeca\/?portfolioCats=98\">Horeca<\/a>\n\t\t\t\n\t\t\t\t\t\t\t\t\t\t\t\t\t\t\n\t\t\t\t\t\t\t\t\n\t\t\t\t\t\t\t\t\t\t\t\t\t<div class=\"fusion-rollover-sep\"><\/div>\n\t\t\t\t\n\t\t\t\t\t\t\t\t\t\t\t\t\t\t\t\t\t\t<a class=\"fusion-rollover-gallery\" href=\"https:\/\/www.olivofood.com\/wp-content\/uploads\/2016\/09\/icon-horeca.jpg\" data-id=\"12486\" data-rel=\"iLightbox[gallery-rw-1]\" data-title=\"icon-horeca\" data-caption=\"\">\n\t\t\t\t\t\tGallery\t\t\t\t\t<\/a>\n\t\t\t\t\t\t\t\t\t\t\t\t\t\t\n\t\t\n\t\t\t\t\t\t\t\t\t\t\t\t<h4 class=\"fusion-rollover-title\">\n\t\t\t\t\t<a class=\"fusion-rollover-title-link\" href=\"https:\/\/www.olivofood.com\/fr\/portfolio-items\/horeca\/?portfolioCats=98\">\n\t\t\t\t\t\tHoreca\t\t\t\t\t<\/a>\n\t\t\t\t<\/h4>\n\t\t\t\n\t\t\t\t\t\t\t\t\t\t<div class=\"fusion-rollover-categories\"><a href=\"https:\/\/www.olivofood.com\/fr\/portfolio_categorie\/formats-fr\/\" rel=\"tag\">Formats<\/a><\/div>\t\t\t\t\t\n\t\t\n\t\t\t\t\t\t<a class=\"fusion-link-wrapper\" href=\"https:\/\/www.olivofood.com\/fr\/portfolio-items\/horeca\/?portfolioCats=98\" aria-label=\"Horeca\"><\/a>\n\t<\/div>\n<\/div>\n<\/div>\n<div class=\"fusion-portfolio-content\" style=\"background-color:rgba(255,255,255,0);\"><h2 class=\"entry-title fusion-post-title\"><a href=\"https:\/\/www.olivofood.com\/fr\/portfolio-items\/horeca\/?portfolioCats=98\">Horeca<\/a><\/h2><div class=\"fusion-post-content\"><\/div><\/div><\/div><\/article><article id=\"portfolio-1-post-12481\" class=\"fusion-portfolio-post formats-fr fusion-col-spacing post-12481\"><div class=\"fusion-portfolio-content-wrapper\" style=\"border:1px solid #ebeaea;border-bottom-width:3px;background-color:rgba(255,255,255,0);\"><span class=\"vcard rich-snippet-hidden\"><span class=\"fn\"><a href=\"https:\/\/www.olivofood.com\/fr\/author\/somosotroconcepto\/\" title=\"Articles par SomosOtroConcepto\" rel=\"author\">SomosOtroConcepto<\/a><\/span><\/span><span class=\"updated rich-snippet-hidden\">2019-05-10T10:16:47+00:00<\/span><div  class=\"fusion-image-wrapper\" aria-haspopup=\"true\">\n\t\t\t\t  <img width=\"600\" height=\"600\" src=\"https:\/\/www.olivofood.com\/wp-content\/uploads\/2016\/09\/icon-alimentacion.jpg\" class=\"attachment-full size-full wp-post-image\" alt=\"\" srcset=\"https:\/\/www.olivofood.com\/wp-content\/uploads\/2016\/09\/icon-alimentacion-200x200.jpg 200w, https:\/\/www.olivofood.com\/wp-content\/uploads\/2016\/09\/icon-alimentacion-400x400.jpg 400w, https:\/\/www.olivofood.com\/wp-content\/uploads\/2016\/09\/icon-alimentacion.jpg 600w\" sizes=\"(min-width: 2200px) 100vw, (min-width: 784px) 359px, (min-width: 712px) 538px, (min-width: 640px) 712px, \" \/><div class=\"fusion-rollover\">\n\t<div class=\"fusion-rollover-content\">\n\n\t\t\t\t\t\t\t\t\t\t\t\t\t\t<a class=\"fusion-rollover-link\" href=\"https:\/\/www.olivofood.com\/fr\/portfolio-items\/alimentation\/?portfolioCats=98\">Alimentation<\/a>\n\t\t\t\n\t\t\t\t\t\t\t\t\t\t\t\t\t\t\n\t\t\t\t\t\t\t\t\n\t\t\t\t\t\t\t\t\t\t\t\t\t<div class=\"fusion-rollover-sep\"><\/div>\n\t\t\t\t\n\t\t\t\t\t\t\t\t\t\t\t\t\t\t\t\t\t\t<a class=\"fusion-rollover-gallery\" href=\"https:\/\/www.olivofood.com\/wp-content\/uploads\/2016\/09\/icon-alimentacion.jpg\" data-id=\"12481\" data-rel=\"iLightbox[gallery-rw-1]\" data-title=\"icon-alimentacion\" data-caption=\"\">\n\t\t\t\t\t\tGallery\t\t\t\t\t<\/a>\n\t\t\t\t\t\t\t\t\t\t\t\t\t\t\n\t\t\n\t\t\t\t\t\t\t\t\t\t\t\t<h4 class=\"fusion-rollover-title\">\n\t\t\t\t\t<a class=\"fusion-rollover-title-link\" href=\"https:\/\/www.olivofood.com\/fr\/portfolio-items\/alimentation\/?portfolioCats=98\">\n\t\t\t\t\t\tAlimentation\t\t\t\t\t<\/a>\n\t\t\t\t<\/h4>\n\t\t\t\n\t\t\t\t\t\t\t\t\t\t<div class=\"fusion-rollover-categories\"><a href=\"https:\/\/www.olivofood.com\/fr\/portfolio_categorie\/formats-fr\/\" rel=\"tag\">Formats<\/a><\/div>\t\t\t\t\t\n\t\t\n\t\t\t\t\t\t<a class=\"fusion-link-wrapper\" href=\"https:\/\/www.olivofood.com\/fr\/portfolio-items\/alimentation\/?portfolioCats=98\" aria-label=\"Alimentation\"><\/a>\n\t<\/div>\n<\/div>\n<\/div>\n<div class=\"fusion-portfolio-content\" style=\"background-color:rgba(255,255,255,0);\"><h2 class=\"entry-title fusion-post-title\"><a href=\"https:\/\/www.olivofood.com\/fr\/portfolio-items\/alimentation\/?portfolioCats=98\">Alimentation<\/a><\/h2><div class=\"fusion-post-content\"><\/div><\/div><\/div><\/article><\/div><\/div><div class=\"fusion-sep-clear\"><\/div><div class=\"fusion-separator fusion-full-width-sep\" style=\"margin-left: auto;margin-right: auto;margin-bottom:20px;width:100%;\"><\/div><div class=\"fusion-sep-clear\"><\/div><div class=\"fusion-clearfix\"><\/div><\/div><\/div><\/div><\/div><div class=\"fusion-fullwidth fullwidth-box fusion-builder-row-3 hundred-percent-fullwidth non-hundred-percent-height-scrolling\" style=\"background-color: rgba(255,255,255,0);background-position: center center;background-repeat: no-repeat;padding-top:0px;padding-right:30px;padding-bottom:0px;padding-left:30px;margin-bottom: 0px;margin-top: 0px;border-width: 0px 0px 0px 0px;border-color:#eae9e9;border-style:solid;\" ><div class=\"fusion-builder-row fusion-row\"><div class=\"fusion-layout-column fusion_builder_column fusion-builder-column-2 fusion_builder_column_1_4 1_4 fusion-one-fourth fusion-column-first\" style=\"width:22%; margin-right: 4%;margin-top:0px;margin-bottom:20px;\"><div class=\"fusion-column-wrapper fusion-flex-column-wrapper-legacy\" style=\"background-position:left top;background-repeat:no-repeat;-webkit-background-size:cover;-moz-background-size:cover;-o-background-size:cover;background-size:cover;padding: 0px 0px 0px 0px;\"><div class=\"fusion-clearfix\"><\/div><\/div><\/div><div class=\"fusion-layout-column fusion_builder_column fusion-builder-column-3 fusion_builder_column_1_2 1_2 fusion-one-half\" style=\"width:48%; margin-right: 4%;margin-top:0px;margin-bottom:20px;\"><div class=\"fusion-column-wrapper fusion-flex-column-wrapper-legacy\" style=\"background-position:left top;background-repeat:no-repeat;-webkit-background-size:cover;-moz-background-size:cover;-o-background-size:cover;background-size:cover;padding: 0px 0px 0px 0px;\"><style type=\"text\/css\"><\/style><div class=\"fusion-title title fusion-title-1 fusion-sep-none fusion-title-center fusion-title-text fusion-title-size-two\" style=\"margin-top:20px;margin-right:0px;margin-bottom:20px;margin-left:0px;\"><h2 class=\"title-heading-center\" style=\"margin:0;\">Une grande vari\u00e9t\u00e9 de formats et de pr\u00e9parations dans diff\u00e9rents emballages<\/h2><\/div><div class=\"fusion-text fusion-text-1\"><p style=\"text-align: justify;\">Nous offrons des solutions d&#8217;emballage flexibles pour chacun des canaux de distribution. Nous fournissons des produits en vrac pour les fabricants industriels, ainsi que des emballages grand format pour la distribution et HORECA. Nous proposons d&rsquo;innombrables combinaisons de produits et formats en petits formats adaptables aux exigences de la grande distribution. Le processus d&#8217;emballage suit une surveillance constante qui assure un contr\u00f4le parfait du produit pour une conservation optimale quelle que soit la modalit\u00e9 d&#8217;emballage.<\/p>\n<\/div><div class=\"fusion-clearfix\"><\/div><\/div><\/div><div class=\"fusion-layout-column fusion_builder_column fusion-builder-column-4 fusion_builder_column_1_4 1_4 fusion-one-fourth fusion-column-last\" style=\"width:22%;margin-top:0px;margin-bottom:20px;\"><div class=\"fusion-column-wrapper fusion-flex-column-wrapper-legacy\" style=\"background-position:left top;background-repeat:no-repeat;-webkit-background-size:cover;-moz-background-size:cover;-o-background-size:cover;background-size:cover;padding: 0px 0px 0px 0px;\"><div class=\"fusion-clearfix\"><\/div><\/div><\/div><\/div><style type=\"text\/css\">.fusion-fullwidth.fusion-builder-row-3 { overflow:visible; }<\/style><\/div><\/p>\n","protected":false},"excerpt":{"rendered":"","protected":false},"author":2,"featured_media":0,"parent":0,"menu_order":0,"comment_status":"closed","ping_status":"closed","template":"100-width.php","meta":[],"_links":{"self":[{"href":"https:\/\/www.olivofood.com\/fr\/wp-json\/wp\/v2\/pages\/12248"}],"collection":[{"href":"https:\/\/www.olivofood.com\/fr\/wp-json\/wp\/v2\/pages"}],"about":[{"href":"https:\/\/www.olivofood.com\/fr\/wp-json\/wp\/v2\/types\/page"}],"author":[{"embeddable":true,"href":"https:\/\/www.olivofood.com\/fr\/wp-json\/wp\/v2\/users\/2"}],"replies":[{"embeddable":true,"href":"https:\/\/www.olivofood.com\/fr\/wp-json\/wp\/v2\/comments?post=12248"}],"version-history":[{"count":7,"href":"https:\/\/www.olivofood.com\/fr\/wp-json\/wp\/v2\/pages\/12248\/revisions"}],"predecessor-version":[{"id":12655,"href":"https:\/\/www.olivofood.com\/fr\/wp-json\/wp\/v2\/pages\/12248\/revisions\/12655"}],"wp:attachment":[{"href":"https:\/\/www.olivofood.com\/fr\/wp-json\/wp\/v2\/media?parent=12248"}],"curies":[{"name":"wp","href":"https:\/\/api.w.org\/{rel}","templated":true}]}}