{"id":12280,"date":"2016-09-01T08:56:16","date_gmt":"2016-09-01T08:56:16","guid":{"rendered":"http:\/\/www.olivofood.com\/fr\/materias-primas\/"},"modified":"2019-05-10T08:47:59","modified_gmt":"2019-05-10T08:47:59","slug":"matieres-premieres","status":"publish","type":"page","link":"https:\/\/www.olivofood.com\/fr\/matieres-premieres\/","title":{"rendered":"Mati\u00e8res premi\u00e8res"},"content":{"rendered":"<p><div class=\"fusion-fullwidth fullwidth-box fusion-builder-row-1 hundred-percent-fullwidth non-hundred-percent-height-scrolling\" style=\"--awb-border-radius-top-left:0px;--awb-border-radius-top-right:0px;--awb-border-radius-bottom-right:0px;--awb-border-radius-bottom-left:0px;--awb-overflow:visible;--awb-padding-right:30px;--awb-padding-left:30px;--awb-margin-top:50px;--awb-background-color:rgba(255,255,255,0);--awb-flex-wrap:wrap;\" ><div class=\"fusion-builder-row fusion-row\"><div class=\"fusion-layout-column fusion_builder_column fusion-builder-column-0 fusion_builder_column_1_1 1_1 fusion-one-full fusion-column-first fusion-column-last fusion-column-no-min-height\" style=\"--awb-bg-size:cover;--awb-margin-bottom:0px;\"><div class=\"fusion-column-wrapper fusion-flex-column-wrapper-legacy\"><div class=\"fusion-sep-clear\"><\/div><div class=\"fusion-separator fusion-full-width-sep\" style=\"margin-left: auto;margin-right: auto;width:100%;\"><\/div><div class=\"fusion-sep-clear\"><\/div><div class=\"fusion-clearfix\"><\/div><\/div><\/div><\/div><\/div><div class=\"fusion-fullwidth fullwidth-box fusion-builder-row-2 hundred-percent-fullwidth non-hundred-percent-height-scrolling fusion-equal-height-columns\" style=\"--awb-background-position:left top;--awb-border-radius-top-left:0px;--awb-border-radius-top-right:0px;--awb-border-radius-bottom-right:0px;--awb-border-radius-bottom-left:0px;--awb-padding-top:20px;--awb-padding-right:30px;--awb-padding-bottom:20px;--awb-padding-left:30px;--awb-border-sizes-top:0px;--awb-border-sizes-bottom:0px;--awb-flex-wrap:wrap;\" ><div class=\"fusion-builder-row fusion-row\"><div class=\"fusion-layout-column fusion_builder_column fusion-builder-column-1 fusion_builder_column_1_1 1_1 fusion-one-full fusion-column-first fusion-column-last fusion-column-no-min-height\" style=\"--awb-bg-size:cover;--awb-margin-bottom:0px;\"><div class=\"fusion-column-wrapper fusion-flex-column-wrapper-legacy\"><style type=\"text\/css\">.fusion-portfolio-wrapper#fusion-portfolio-1 .fusion-portfolio-content{ padding: 25px 25px 25px 25px; text-align: left; }<\/style><div class=\"fusion-recent-works fusion-portfolio-element fusion-portfolio fusion-portfolio-1 fusion-portfolio-grid fusion-portfolio-paging-pagination fusion-portfolio-three fusion-portfolio-boxed fusion-portfolio-text fusion-portfolio-rollover fusion-animated\" data-id=\"-rw-1\" data-columns=\"three\" data-animationType=\"fadeInDown\" data-animationDuration=\"0.3\" data-animationOffset=\"top-into-view\"><style type=\"text\/css\">.fusion-portfolio-1 .fusion-portfolio-wrapper .fusion-col-spacing{padding:6px;}<\/style><div class=\"fusion-portfolio-wrapper\" id=\"fusion-portfolio-1\" data-picturesize=\"auto\" data-pages=\"1\" style=\"margin:-6px;\"><article id=\"portfolio-1-post-11535\" class=\"fusion-portfolio-post matieres-premieres-categorie fusion-col-spacing post-11535\"><div class=\"fusion-portfolio-content-wrapper\" style=\"border:1px solid #ebeaea;border-bottom-width:3px;background-color:rgba(255,255,255,0);\"><span class=\"vcard rich-snippet-hidden\"><span class=\"fn\"><a href=\"https:\/\/www.olivofood.com\/fr\/author\/somosotroconcepto\/\" title=\"Articles par SomosOtroConcepto\" rel=\"author\">SomosOtroConcepto<\/a><\/span><\/span><span class=\"updated rich-snippet-hidden\">2019-05-10T10:02:56+00:00<\/span><div  class=\"fusion-image-wrapper\" aria-haspopup=\"true\">\n\t\t\t\t<img decoding=\"async\" width=\"800\" height=\"800\" src=\"https:\/\/www.olivofood.com\/wp-content\/uploads\/2016\/08\/aceitunas-olivofood-800.jpg\" class=\"attachment-full size-full wp-post-image\" alt=\"\" srcset=\"https:\/\/www.olivofood.com\/wp-content\/uploads\/2016\/08\/aceitunas-olivofood-800-200x200.jpg 200w, https:\/\/www.olivofood.com\/wp-content\/uploads\/2016\/08\/aceitunas-olivofood-800-400x400.jpg 400w, https:\/\/www.olivofood.com\/wp-content\/uploads\/2016\/08\/aceitunas-olivofood-800-600x600.jpg 600w, https:\/\/www.olivofood.com\/wp-content\/uploads\/2016\/08\/aceitunas-olivofood-800.jpg 800w\" sizes=\"(min-width: 2200px) 100vw, (min-width: 784px) 359px, (min-width: 712px) 538px, (min-width: 640px) 712px, \" \/><div class=\"fusion-rollover\">\n\t<div class=\"fusion-rollover-content\">\n\n\t\t\t\t\t\t\t\t\t\t\t\t\t\t<a class=\"fusion-rollover-link\" href=\"https:\/\/www.olivofood.com\/fr\/portfolio-items\/aceitunas\/?portfolioCats=104\">Olives<\/a>\n\t\t\t\n\t\t\t\t\t\t\t\t\t\t\t\t\t\t\n\t\t\t\t\t\t\t\t\n\t\t\t\t\t\t\t\t\t\t\t\t\t<div class=\"fusion-rollover-sep\"><\/div>\n\t\t\t\t\n\t\t\t\t\t\t\t\t\t\t\t\t\t\t\t\t\t\t<a class=\"fusion-rollover-gallery\" href=\"https:\/\/www.olivofood.com\/wp-content\/uploads\/2016\/08\/aceitunas-olivofood-800.jpg\" data-options=\"\" data-id=\"11535\" data-rel=\"iLightbox[gallery-rw-1]\" data-title=\"aceitunas-olivofood-800\" data-caption=\"\">\n\t\t\t\t\t\tGallery\t\t\t\t\t<\/a>\n\t\t\t\t\t\t\t\t\t\t\t\t\t\t\n\t\t\n\t\t\t\t\t\t\t\t\t\t\t\t<h4 class=\"fusion-rollover-title\">\n\t\t\t\t\t<a class=\"fusion-rollover-title-link\" href=\"https:\/\/www.olivofood.com\/fr\/portfolio-items\/aceitunas\/?portfolioCats=104\">\n\t\t\t\t\t\tOlives\t\t\t\t\t<\/a>\n\t\t\t\t<\/h4>\n\t\t\t\n\t\t\t\t\t\t\t\t\t\t<div class=\"fusion-rollover-categories\"><a href=\"https:\/\/www.olivofood.com\/fr\/portfolio_categorie\/matieres-premieres-categorie\/\" rel=\"tag\">Mati\u00e8res premi\u00e8res<\/a><\/div>\t\t\t\t\t\n\t\t\n\t\t\t\t\t\t<a class=\"fusion-link-wrapper\" href=\"https:\/\/www.olivofood.com\/fr\/portfolio-items\/aceitunas\/?portfolioCats=104\" aria-label=\"Olives\"><\/a>\n\t<\/div>\n<\/div>\n<\/div>\n<div class=\"fusion-portfolio-content\" style=\"background-color:rgba(255,255,255,0);\"><h2 class=\"entry-title fusion-post-title\"><a href=\"https:\/\/www.olivofood.com\/fr\/portfolio-items\/aceitunas\/?portfolioCats=104\">Olives<\/a><\/h2><div class=\"fusion-post-content\"><\/div><\/div><\/div><\/article><article id=\"portfolio-1-post-12499\" class=\"fusion-portfolio-post matieres-premieres-categorie fusion-col-spacing post-12499\"><div class=\"fusion-portfolio-content-wrapper\" style=\"border:1px solid #ebeaea;border-bottom-width:3px;background-color:rgba(255,255,255,0);\"><span class=\"vcard rich-snippet-hidden\"><span class=\"fn\"><a href=\"https:\/\/www.olivofood.com\/fr\/author\/somosotroconcepto\/\" title=\"Articles par SomosOtroConcepto\" rel=\"author\">SomosOtroConcepto<\/a><\/span><\/span><span class=\"updated rich-snippet-hidden\">2019-05-10T09:58:12+00:00<\/span><div  class=\"fusion-image-wrapper\" aria-haspopup=\"true\">\n\t\t\t\t<img decoding=\"async\" width=\"800\" height=\"800\" src=\"https:\/\/www.olivofood.com\/wp-content\/uploads\/2016\/08\/encurtidos-olivofood-800.jpg\" class=\"attachment-full size-full wp-post-image\" alt=\"\" srcset=\"https:\/\/www.olivofood.com\/wp-content\/uploads\/2016\/08\/encurtidos-olivofood-800-200x200.jpg 200w, https:\/\/www.olivofood.com\/wp-content\/uploads\/2016\/08\/encurtidos-olivofood-800-400x400.jpg 400w, https:\/\/www.olivofood.com\/wp-content\/uploads\/2016\/08\/encurtidos-olivofood-800-600x600.jpg 600w, https:\/\/www.olivofood.com\/wp-content\/uploads\/2016\/08\/encurtidos-olivofood-800.jpg 800w\" sizes=\"(min-width: 2200px) 100vw, (min-width: 784px) 359px, (min-width: 712px) 538px, (min-width: 640px) 712px, \" \/><div class=\"fusion-rollover\">\n\t<div class=\"fusion-rollover-content\">\n\n\t\t\t\t\t\t\t\t\t\t\t\t\t\t<a class=\"fusion-rollover-link\" href=\"https:\/\/www.olivofood.com\/fr\/portfolio-items\/encurtidos\/?portfolioCats=104\">Produits au vinaigre<\/a>\n\t\t\t\n\t\t\t\t\t\t\t\t\t\t\t\t\t\t\n\t\t\t\t\t\t\t\t\n\t\t\t\t\t\t\t\t\t\t\t\t\t<div class=\"fusion-rollover-sep\"><\/div>\n\t\t\t\t\n\t\t\t\t\t\t\t\t\t\t\t\t\t\t\t\t\t\t<a class=\"fusion-rollover-gallery\" href=\"https:\/\/www.olivofood.com\/wp-content\/uploads\/2016\/08\/encurtidos-olivofood-800.jpg\" data-options=\"\" data-id=\"12499\" data-rel=\"iLightbox[gallery-rw-1]\" data-title=\"encurtidos-olivofood-800\" data-caption=\"\">\n\t\t\t\t\t\tGallery\t\t\t\t\t<\/a>\n\t\t\t\t\t\t\t\t\t\t\t\t\t\t\n\t\t\n\t\t\t\t\t\t\t\t\t\t\t\t<h4 class=\"fusion-rollover-title\">\n\t\t\t\t\t<a class=\"fusion-rollover-title-link\" href=\"https:\/\/www.olivofood.com\/fr\/portfolio-items\/encurtidos\/?portfolioCats=104\">\n\t\t\t\t\t\tProduits au vinaigre\t\t\t\t\t<\/a>\n\t\t\t\t<\/h4>\n\t\t\t\n\t\t\t\t\t\t\t\t\t\t<div class=\"fusion-rollover-categories\"><a href=\"https:\/\/www.olivofood.com\/fr\/portfolio_categorie\/matieres-premieres-categorie\/\" rel=\"tag\">Mati\u00e8res premi\u00e8res<\/a><\/div>\t\t\t\t\t\n\t\t\n\t\t\t\t\t\t<a class=\"fusion-link-wrapper\" href=\"https:\/\/www.olivofood.com\/fr\/portfolio-items\/encurtidos\/?portfolioCats=104\" aria-label=\"Produits au vinaigre\"><\/a>\n\t<\/div>\n<\/div>\n<\/div>\n<div class=\"fusion-portfolio-content\" style=\"background-color:rgba(255,255,255,0);\"><h2 class=\"entry-title fusion-post-title\"><a href=\"https:\/\/www.olivofood.com\/fr\/portfolio-items\/encurtidos\/?portfolioCats=104\">Produits au vinaigre<\/a><\/h2><div class=\"fusion-post-content\"><\/div><\/div><\/div><\/article><article id=\"portfolio-1-post-12494\" class=\"fusion-portfolio-post matieres-premieres-categorie fusion-col-spacing post-12494\"><div class=\"fusion-portfolio-content-wrapper\" style=\"border:1px solid #ebeaea;border-bottom-width:3px;background-color:rgba(255,255,255,0);\"><span class=\"vcard rich-snippet-hidden\"><span class=\"fn\"><a href=\"https:\/\/www.olivofood.com\/fr\/author\/somosotroconcepto\/\" title=\"Articles par SomosOtroConcepto\" rel=\"author\">SomosOtroConcepto<\/a><\/span><\/span><span class=\"updated rich-snippet-hidden\">2019-05-10T10:06:44+00:00<\/span><div  class=\"fusion-image-wrapper\" aria-haspopup=\"true\">\n\t\t\t\t<img decoding=\"async\" width=\"800\" height=\"800\" src=\"https:\/\/www.olivofood.com\/wp-content\/uploads\/2016\/08\/banderillas-olivofood-800.jpg\" class=\"attachment-full size-full wp-post-image\" alt=\"\" srcset=\"https:\/\/www.olivofood.com\/wp-content\/uploads\/2016\/08\/banderillas-olivofood-800-200x200.jpg 200w, https:\/\/www.olivofood.com\/wp-content\/uploads\/2016\/08\/banderillas-olivofood-800-400x400.jpg 400w, https:\/\/www.olivofood.com\/wp-content\/uploads\/2016\/08\/banderillas-olivofood-800-600x600.jpg 600w, https:\/\/www.olivofood.com\/wp-content\/uploads\/2016\/08\/banderillas-olivofood-800.jpg 800w\" sizes=\"(min-width: 2200px) 100vw, (min-width: 784px) 359px, (min-width: 712px) 538px, (min-width: 640px) 712px, \" \/><div class=\"fusion-rollover\">\n\t<div class=\"fusion-rollover-content\">\n\n\t\t\t\t\t\t\t\t\t\t\t\t\t\t<a class=\"fusion-rollover-link\" href=\"https:\/\/www.olivofood.com\/fr\/portfolio-items\/produits-artisanaux\/?portfolioCats=104\">Produits artisanaux<\/a>\n\t\t\t\n\t\t\t\t\t\t\t\t\t\t\t\t\t\t\n\t\t\t\t\t\t\t\t\n\t\t\t\t\t\t\t\t\t\t\t\t\t<div class=\"fusion-rollover-sep\"><\/div>\n\t\t\t\t\n\t\t\t\t\t\t\t\t\t\t\t\t\t\t\t\t\t\t<a class=\"fusion-rollover-gallery\" href=\"https:\/\/www.olivofood.com\/wp-content\/uploads\/2016\/08\/banderillas-olivofood-800.jpg\" data-options=\"\" data-id=\"12494\" data-rel=\"iLightbox[gallery-rw-1]\" data-title=\"banderillas-olivofood-800\" data-caption=\"\">\n\t\t\t\t\t\tGallery\t\t\t\t\t<\/a>\n\t\t\t\t\t\t\t\t\t\t\t\t\t\t\n\t\t\n\t\t\t\t\t\t\t\t\t\t\t\t<h4 class=\"fusion-rollover-title\">\n\t\t\t\t\t<a class=\"fusion-rollover-title-link\" href=\"https:\/\/www.olivofood.com\/fr\/portfolio-items\/produits-artisanaux\/?portfolioCats=104\">\n\t\t\t\t\t\tProduits artisanaux\t\t\t\t\t<\/a>\n\t\t\t\t<\/h4>\n\t\t\t\n\t\t\t\t\t\t\t\t\t\t<div class=\"fusion-rollover-categories\"><a href=\"https:\/\/www.olivofood.com\/fr\/portfolio_categorie\/matieres-premieres-categorie\/\" rel=\"tag\">Mati\u00e8res premi\u00e8res<\/a><\/div>\t\t\t\t\t\n\t\t\n\t\t\t\t\t\t<a class=\"fusion-link-wrapper\" href=\"https:\/\/www.olivofood.com\/fr\/portfolio-items\/produits-artisanaux\/?portfolioCats=104\" aria-label=\"Produits artisanaux\"><\/a>\n\t<\/div>\n<\/div>\n<\/div>\n<div class=\"fusion-portfolio-content\" style=\"background-color:rgba(255,255,255,0);\"><h2 class=\"entry-title fusion-post-title\"><a href=\"https:\/\/www.olivofood.com\/fr\/portfolio-items\/produits-artisanaux\/?portfolioCats=104\">Produits artisanaux<\/a><\/h2><div class=\"fusion-post-content\"><\/div><\/div><\/div><\/article><\/div><\/div><div class=\"fusion-sep-clear\"><\/div><div class=\"fusion-separator fusion-full-width-sep\" style=\"margin-left: auto;margin-right: auto;margin-top:20px;width:100%;\"><\/div><div class=\"fusion-sep-clear\"><\/div><div class=\"fusion-clearfix\"><\/div><\/div><\/div><\/div><\/div><div class=\"fusion-fullwidth fullwidth-box fusion-builder-row-3 hundred-percent-fullwidth non-hundred-percent-height-scrolling\" style=\"--awb-border-radius-top-left:0px;--awb-border-radius-top-right:0px;--awb-border-radius-bottom-right:0px;--awb-border-radius-bottom-left:0px;--awb-overflow:visible;--awb-padding-right:30px;--awb-padding-left:30px;--awb-flex-wrap:wrap;\" ><div class=\"fusion-builder-row fusion-row\"><div class=\"fusion-layout-column fusion_builder_column fusion-builder-column-2 fusion_builder_column_1_4 1_4 fusion-one-fourth fusion-column-first\" style=\"--awb-bg-size:cover;width:22%; margin-right: 4%;\"><div class=\"fusion-column-wrapper fusion-flex-column-wrapper-legacy\"><div class=\"fusion-clearfix\"><\/div><\/div><\/div><div class=\"fusion-layout-column fusion_builder_column fusion-builder-column-3 fusion_builder_column_1_2 1_2 fusion-one-half\" style=\"--awb-bg-size:cover;width:48%; margin-right: 4%;\"><div class=\"fusion-column-wrapper fusion-flex-column-wrapper-legacy\"><div class=\"fusion-title title fusion-title-1 fusion-sep-none fusion-title-center fusion-title-text fusion-title-size-two\" style=\"--awb-margin-top:20px;--awb-margin-bottom:20px;--awb-margin-top-small:0px;--awb-margin-right-small:0px;--awb-margin-bottom-small:20px;--awb-margin-left-small:0px;\"><h2 class=\"fusion-title-heading title-heading-center\" style=\"margin:0;\">Mati\u00e8res premi\u00e8res<\/h2><\/div><div class=\"fusion-text fusion-text-1\"><p>Nous fournissons une grande vari\u00e9t\u00e9 de mati\u00e8res premi\u00e8res aux fabricants et aux distributeurs d&rsquo;olives et de produits au vinaigre. Nous avons une tr\u00e8s large gamme de vari\u00e9t\u00e9s d&rsquo;olives, ainsi qu&rsquo;une grande vari\u00e9t\u00e9 de produits au vinaigre\u00a0 et de produits en saumure. Nous pouvons les combiner de diff\u00e9rentes mani\u00e8res selon le type de march\u00e9 auquel elles sont dirig\u00e9es. Nous proposons \u00e9galement des produits fabriqu\u00e9s \u00e0 la main fabriqu\u00e9s \u00e0 l&rsquo;aide de diff\u00e9rents ingr\u00e9dients. Lors de la s\u00e9lection de nos produits \u00e0 la source, nous assurons en tout temps la plus haute qualit\u00e9 et les majeures garanties de s\u00e9curit\u00e9 alimentaire.<\/p>\n<\/div><div class=\"fusion-clearfix\"><\/div><\/div><\/div><div class=\"fusion-layout-column fusion_builder_column fusion-builder-column-4 fusion_builder_column_1_4 1_4 fusion-one-fourth fusion-column-last\" style=\"--awb-bg-size:cover;width:22%;\"><div class=\"fusion-column-wrapper fusion-flex-column-wrapper-legacy\"><div class=\"fusion-clearfix\"><\/div><\/div><\/div><div class=\"fusion-layout-column fusion_builder_column fusion-builder-column-5 fusion_builder_column_1_1 1_1 fusion-one-full fusion-column-first fusion-column-last fusion-column-no-min-height\" style=\"--awb-bg-size:cover;--awb-margin-bottom:0px;\"><div class=\"fusion-column-wrapper fusion-flex-column-wrapper-legacy\"><div class=\"fusion-sep-clear\"><\/div><div class=\"fusion-separator fusion-full-width-sep\" style=\"margin-left: auto;margin-right: auto;margin-bottom:20px;width:100%;\"><\/div><div class=\"fusion-sep-clear\"><\/div><div class=\"fusion-clearfix\"><\/div><\/div><\/div><\/div><\/div><\/p>\n","protected":false},"excerpt":{"rendered":"","protected":false},"author":2,"featured_media":0,"parent":0,"menu_order":0,"comment_status":"closed","ping_status":"closed","template":"100-width.php","meta":{"footnotes":""},"class_list":["post-12280","page","type-page","status-publish","hentry"],"_links":{"self":[{"href":"https:\/\/www.olivofood.com\/fr\/wp-json\/wp\/v2\/pages\/12280","targetHints":{"allow":["GET"]}}],"collection":[{"href":"https:\/\/www.olivofood.com\/fr\/wp-json\/wp\/v2\/pages"}],"about":[{"href":"https:\/\/www.olivofood.com\/fr\/wp-json\/wp\/v2\/types\/page"}],"author":[{"embeddable":true,"href":"https:\/\/www.olivofood.com\/fr\/wp-json\/wp\/v2\/users\/2"}],"replies":[{"embeddable":true,"href":"https:\/\/www.olivofood.com\/fr\/wp-json\/wp\/v2\/comments?post=12280"}],"version-history":[{"count":7,"href":"https:\/\/www.olivofood.com\/fr\/wp-json\/wp\/v2\/pages\/12280\/revisions"}],"predecessor-version":[{"id":12667,"href":"https:\/\/www.olivofood.com\/fr\/wp-json\/wp\/v2\/pages\/12280\/revisions\/12667"}],"wp:attachment":[{"href":"https:\/\/www.olivofood.com\/fr\/wp-json\/wp\/v2\/media?parent=12280"}],"curies":[{"name":"wp","href":"https:\/\/api.w.org\/{rel}","templated":true}]}}